{"id":2891,"date":"2019-10-28T12:35:23","date_gmt":"2019-10-28T15:35:23","guid":{"rendered":"https:\/\/ewsistemasecursos.com.br\/ava\/?page_id=2891"},"modified":"2019-11-09T16:20:30","modified_gmt":"2019-11-09T19:20:30","slug":"em-breve","status":"publish","type":"page","link":"https:\/\/ewsistemasecursos.com.br\/ava\/em-breve\/","title":{"rendered":"em breve"},"content":{"rendered":"<h2>De 01\/11\/19 a 30\/11\/19<\/h2>\n<h2>Black Friday com 60% em tudo!!!<\/h2>\n<p>\u00c9 uma tradi\u00e7\u00e3o nos EUA todo ano realizar a Black Friday ap\u00f3s o dia de a\u00e7\u00e3o de gra\u00e7a, apenas um dia. A Black Friday inicia-se sempre zero hora da sexta e vai at\u00e9 a zero hora de s\u00e1bado.<\/p>\n<p>Neste ano a Black Friday ser\u00e1 dia 29\/11\/19, a \u00faltima sexta feira como de costume, contudo, aqui no Brasil principalmente o e-commerce tem a tradi\u00e7\u00e3o de realizar a Black Friday em uma semana.<\/p>\n<p>Neste sentido, a Ew Sistemas e Cursos vamos implementar a Black Friday e estender durante todo o m\u00eas de novembro. Descontos reais de 60% nos Sistemas, Servi\u00e7os e Cursos. Ou seja, a partir do dia 1\u00ba ao dia 30 de novembro. Ah, voc\u00ea pode dividir no cart\u00e3o de cr\u00e9dito em at\u00e9 12x.<\/p>\n<p>Basta aplicar o cupom abaixo, o c\u00f3digo do cupom no campo cupom. Aplicar para todos os produtos em todas as nossas lojas&#8230;<\/p>\n<ul>\n<li >\n\t\t\t\t\t\t\t\t\t\tcomercial@ewsistemasecursos.com.br\n\t\t\t\t\t\t\t\t\t<\/li>\n<\/ul>\n<p>\t\t\t\t\t\t\t\t\t\t<img loading=\"lazy\" decoding=\"async\" width=\"768\" height=\"432\" src=\"https:\/\/ewsistemasecursos.com.br\/ava\/wp-content\/uploads\/2019\/11\/Black-Friday-fogo-768x432.png\" alt=\"\" srcset=\"https:\/\/ewsistemasecursos.com.br\/ava\/wp-content\/uploads\/2019\/11\/Black-Friday-fogo-768x432.png 768w, https:\/\/ewsistemasecursos.com.br\/ava\/wp-content\/uploads\/2019\/11\/Black-Friday-fogo-300x169.png 300w, https:\/\/ewsistemasecursos.com.br\/ava\/wp-content\/uploads\/2019\/11\/Black-Friday-fogo-1024x576.png 1024w, https:\/\/ewsistemasecursos.com.br\/ava\/wp-content\/uploads\/2019\/11\/Black-Friday-fogo-50x28.png 50w, https:\/\/ewsistemasecursos.com.br\/ava\/wp-content\/uploads\/2019\/11\/Black-Friday-fogo-600x338.png 600w\" sizes=\"auto, (max-width: 768px) 100vw, 768px\" \/><br \/>\n\t\t\t\t\t\t\t\t\t\t<img loading=\"lazy\" decoding=\"async\" width=\"1280\" height=\"720\" src=\"https:\/\/ewsistemasecursos.com.br\/ava\/wp-content\/uploads\/2019\/10\/BLACK-FRIDAY-50-2.png\" alt=\"\" srcset=\"https:\/\/ewsistemasecursos.com.br\/ava\/wp-content\/uploads\/2019\/10\/BLACK-FRIDAY-50-2.png 1280w, https:\/\/ewsistemasecursos.com.br\/ava\/wp-content\/uploads\/2019\/10\/BLACK-FRIDAY-50-2-300x169.png 300w, https:\/\/ewsistemasecursos.com.br\/ava\/wp-content\/uploads\/2019\/10\/BLACK-FRIDAY-50-2-768x432.png 768w, https:\/\/ewsistemasecursos.com.br\/ava\/wp-content\/uploads\/2019\/10\/BLACK-FRIDAY-50-2-1024x576.png 1024w, https:\/\/ewsistemasecursos.com.br\/ava\/wp-content\/uploads\/2019\/10\/BLACK-FRIDAY-50-2-50x28.png 50w, https:\/\/ewsistemasecursos.com.br\/ava\/wp-content\/uploads\/2019\/10\/BLACK-FRIDAY-50-2-600x338.png 600w\" sizes=\"auto, (max-width: 1280px) 100vw, 1280px\" \/>\t\t\t\t\t\t\t\t\t\t\t<\/p>\n<h4>Todos os Sistemas, Servi\u00e7os, Cursos e Livros com 60% de Descontos!<br \/>Somente no m\u00eas de novembro&#8230;<br \/>Aproveitem!!!<\/h4>\n<h3>\n\t\t\t\t\tSistemas<br \/>\n\t\t\t\t<\/h3>\n<p>Black Friday invadiu o Segmento de Sistemas da Ew Sistemas Ti. Descontos reais em todos os sistemas. Seja Desktop ou Web.<\/p>\n<h3>\n\t\t\t\t\tServi\u00e7os<br \/>\n\t\t\t\t<\/h3>\n<p>Os Servi\u00e7os da Ew Sistemas e Cursos ser\u00e3o abalados com a Black Friday de novembro de 2019. Nunca mais os pre\u00e7os ser\u00e3o os mesmos.<\/p>\n<h3>\n\t\t\t\t\tCursos<br \/>\n\t\t\t\t<\/h3>\n<p>Todos os Cursos da Ew Sistemas e Cursos estar\u00e3o com pre\u00e7os imperd\u00edveis, inclusive os pre\u00e7os s\u00e3o acumulativos para quem quer fazer mais de um curso, at\u00e9 mesmo nos cursos combo.<\/p>\n<h3>\n\t\t\t\t\tLivros<br \/>\n\t\t\t\t<\/h3>\n<p>A arte da literatura tamb\u00e9m est\u00e1 de Black Friday em novembro na Ew. Todos os livros do Prof. Ednewton de Vasconcelos com super desconto.  <\/p>\n<p>A partir do dia 1\u00ba de novembro at\u00e9 dia 30 use este cupom j2k7rkx9\u00a0para realizar as matr\u00edculas nos Curso(s) ou comprar Sistema(s) e Servi\u00e7o(s).<\/p>\n<p>Conhe\u00e7a<\/p>\n<h3>Nossos Sites<\/h3>\n<h3>\n\t\t\t\t\tCursos<br \/>\n\t\t\t\t<\/h3>\n<p>Nosso loja de Cursos.<\/p>\n<p>\t\t\t<a href=\"https:\/\/ewsistemasecursos.com.br\/ava\" role=\"button\"><br \/>\n\t\t\t\t\t\tSaiba mais&#8230;<br \/>\n\t\t\t\t\t<\/a><\/p>\n<h3>\n\t\t\t\t\tSistemas<br \/>\n\t\t\t\t<\/h3>\n<p>Nosso loja de Sistemas.<\/p>\n<p>\t\t\t<a href=\"https:\/\/ewsistemasti.com.br\/loja\" role=\"button\"><br \/>\n\t\t\t\t\t\tSaiba mais&#8230;<br \/>\n\t\t\t\t\t<\/a><\/p>\n<h3>\n\t\t\t\t\tLivros<br \/>\n\t\t\t\t<\/h3>\n<p>Nosso loja de livros. <\/p>\n<p>\t\t\t<a href=\"https:\/\/www.ewsistemas.com.br\/wordp\/loja\/\" role=\"button\"><br \/>\n\t\t\t\t\t\tSaiba mais&#8230;<br \/>\n\t\t\t\t\t<\/a><\/p>\n<h4>O que voc\u00ea est\u00e1 esperando?<\/h4>\n<p>\t\t\t\t\t\t\t\t\t\t<img loading=\"lazy\" decoding=\"async\" width=\"800\" height=\"600\" src=\"https:\/\/ewsistemasecursos.com.br\/ava\/wp-content\/uploads\/2019\/10\/port6.jpg\" alt=\"\" srcset=\"https:\/\/ewsistemasecursos.com.br\/ava\/wp-content\/uploads\/2019\/10\/port6.jpg 800w, https:\/\/ewsistemasecursos.com.br\/ava\/wp-content\/uploads\/2019\/10\/port6-300x225.jpg 300w, https:\/\/ewsistemasecursos.com.br\/ava\/wp-content\/uploads\/2019\/10\/port6-768x576.jpg 768w, https:\/\/ewsistemasecursos.com.br\/ava\/wp-content\/uploads\/2019\/10\/port6-50x38.jpg 50w, https:\/\/ewsistemasecursos.com.br\/ava\/wp-content\/uploads\/2019\/10\/port6-600x450.jpg 600w\" sizes=\"auto, (max-width: 800px) 100vw, 800px\" \/>\t\t\t\t\t\t\t\t\t\t\t<\/p>\n<h2>Black Friday<\/h2>\n<p>Aqui acontece!<\/p>\n<h2>M\u00eas de Novembro<\/h2>\n<p>S\u00f3 na Ew Sistemas e Cursos.<\/p>\n<p>\t\t\t\t\t\t\t\t\t\t<img loading=\"lazy\" decoding=\"async\" width=\"600\" height=\"500\" src=\"https:\/\/ewsistemasecursos.com.br\/ava\/wp-content\/uploads\/2019\/10\/welcome6.jpg\" alt=\"\" srcset=\"https:\/\/ewsistemasecursos.com.br\/ava\/wp-content\/uploads\/2019\/10\/welcome6.jpg 600w, https:\/\/ewsistemasecursos.com.br\/ava\/wp-content\/uploads\/2019\/10\/welcome6-300x250.jpg 300w, https:\/\/ewsistemasecursos.com.br\/ava\/wp-content\/uploads\/2019\/10\/welcome6-50x42.jpg 50w\" sizes=\"auto, (max-width: 600px) 100vw, 600px\" \/><br \/>\n\t\t\t\t\t\t\t\t\t\t<img loading=\"lazy\" decoding=\"async\" width=\"768\" height=\"432\" src=\"https:\/\/ewsistemasecursos.com.br\/ava\/wp-content\/uploads\/2019\/11\/Ew-Sistemas-TI-fontes-\u00e1guas-768x432.png\" alt=\"\" srcset=\"https:\/\/ewsistemasecursos.com.br\/ava\/wp-content\/uploads\/2019\/11\/Ew-Sistemas-TI-fontes-\u00e1guas-768x432.png 768w, https:\/\/ewsistemasecursos.com.br\/ava\/wp-content\/uploads\/2019\/11\/Ew-Sistemas-TI-fontes-\u00e1guas-300x169.png 300w, https:\/\/ewsistemasecursos.com.br\/ava\/wp-content\/uploads\/2019\/11\/Ew-Sistemas-TI-fontes-\u00e1guas-1024x576.png 1024w, https:\/\/ewsistemasecursos.com.br\/ava\/wp-content\/uploads\/2019\/11\/Ew-Sistemas-TI-fontes-\u00e1guas-50x28.png 50w, https:\/\/ewsistemasecursos.com.br\/ava\/wp-content\/uploads\/2019\/11\/Ew-Sistemas-TI-fontes-\u00e1guas-600x338.png 600w\" sizes=\"auto, (max-width: 768px) 100vw, 768px\" \/>\t\t\t\t\t\t\t\t\t\t\t<\/p>\n<h2>Ew Sistemas e Cursos &#8211; Todos os Direitos Reservados.<\/h2>\n","protected":false},"excerpt":{"rendered":"<p>De 01\/11\/19 a 30\/11\/19 Black Friday com 60% em tudo!!! \u00c9 uma tradi\u00e7\u00e3o nos EUA todo ano realizar a Black [&hellip;]<\/p>\n","protected":false},"author":1,"featured_media":0,"parent":0,"menu_order":0,"comment_status":"closed","ping_status":"closed","template":"elementor_canvas","meta":{"_et_pb_use_builder":"","_et_pb_old_content":"","_et_gb_content_width":"","_joinchat":[],"footnotes":""},"class_list":["post-2891","page","type-page","status-publish","hentry"],"_links":{"self":[{"href":"https:\/\/ewsistemasecursos.com.br\/ava\/wp-json\/wp\/v2\/pages\/2891","targetHints":{"allow":["GET"]}}],"collection":[{"href":"https:\/\/ewsistemasecursos.com.br\/ava\/wp-json\/wp\/v2\/pages"}],"about":[{"href":"https:\/\/ewsistemasecursos.com.br\/ava\/wp-json\/wp\/v2\/types\/page"}],"author":[{"embeddable":true,"href":"https:\/\/ewsistemasecursos.com.br\/ava\/wp-json\/wp\/v2\/users\/1"}],"replies":[{"embeddable":true,"href":"https:\/\/ewsistemasecursos.com.br\/ava\/wp-json\/wp\/v2\/comments?post=2891"}],"version-history":[{"count":37,"href":"https:\/\/ewsistemasecursos.com.br\/ava\/wp-json\/wp\/v2\/pages\/2891\/revisions"}],"predecessor-version":[{"id":3071,"href":"https:\/\/ewsistemasecursos.com.br\/ava\/wp-json\/wp\/v2\/pages\/2891\/revisions\/3071"}],"wp:attachment":[{"href":"https:\/\/ewsistemasecursos.com.br\/ava\/wp-json\/wp\/v2\/media?parent=2891"}],"curies":[{"name":"wp","href":"https:\/\/api.w.org\/{rel}","templated":true}]}}